{"id":100,"date":"2022-06-08T16:51:01","date_gmt":"2022-06-08T14:51:01","guid":{"rendered":"http:\/\/gt-meta.fr\/?page_id=100"},"modified":"2022-06-08T17:13:47","modified_gmt":"2022-06-08T15:13:47","slug":"session-meta-ia","status":"publish","type":"page","link":"http:\/\/gt-meta.fr\/index.php\/session-meta-ia\/","title":{"rendered":"Session META &#038; IA"},"content":{"rendered":"\n<p>organis\u00e9e par le GDR RO, avec le soutien logistique de la SAGIP, \u00e0 Bidart le 25-05-2022<\/p>\n\n\n\n<p><strong><u>Intervention de Nicolas Monmarch\u00e9<br><\/u>titre :<\/strong>&nbsp;&#8220;Intelligence en essaim: des fourmis r\u00e9elles \u00e0 la r\u00e9solution de probl\u00e8mes combinatoires par les algorithmes de fourmis artificielles.&#8221;<br><strong>r\u00e9sum\u00e9 :<\/strong> Apr\u00e8s un rapide tour d&#8217;horizon des caract\u00e9ristiques des fourmis r\u00e9elles, nous pr\u00e9senterons les principales caract\u00e9ristiques d&#8217;un algorithme inspir\u00e9 du comportement des fourmis pour la r\u00e9solution d&#8217;un probl\u00e8me combinatoire.<br><a href=\"http:\/\/gt-meta.fr\/index.php\/download\/supports-nicolas-monmarche\/\">support de pr\u00e9sentation<\/a><\/p>\n\n\n\n<p><strong><u>Intervention de Mokhtar Essaid<br><\/u>titre : <\/strong>&#8220;L&#8217;interaction entre les m\u00e9taheuristiques et les techniques d&#8217;apprentissage.&#8221;<br><strong>r\u00e9sum\u00e9 :<\/strong> De nombreux travaux combinant les m\u00e9taheuristiques et les algorithmes d&#8217;apprentissage ont \u00e9t\u00e9 propos\u00e9s pour trouver des solutions \u00e0 des probl\u00e8mes d&#8217;optimisation difficiles. Il n&#8217;est pas facile de trouver la meilleure combinaison permettant de trouver l&#8217;\u00e9quilibre entre les phases d&#8217;intensification et d&#8217;exploration. Egalement, il n&#8217;est pas simple d&#8217;appliquer une m\u00e9thode existante \u00e0 un nouveau probl\u00e8me et obtenir des bons r\u00e9sultats. Dans cet expos\u00e9, nous pr\u00e9sentons quelques exemples d&#8217;int\u00e9gration des techniques d&#8217;apprentissage dans les m\u00e9taheuristiques et nous illustrons les algorithmes propos\u00e9s sur quelques probl\u00e8mes continus. &#8220;<br><a href=\"https:\/\/gt-meta.fr\/?post_type=wpdmpro&amp;p=107&amp;preview=true\" data-type=\"URL\" data-id=\"https:\/\/gt-meta.fr\/?post_type=wpdmpro&amp;p=107&amp;preview=true\">support de pr\u00e9sentation<\/a><\/p>\n","protected":false},"excerpt":{"rendered":"<p>organis\u00e9e par le GDR RO, avec le soutien logistique de la SAGIP, \u00e0 Bidart le 25-05-2022 Intervention de Nicolas Monmarch\u00e9titre :&nbsp;&#8220;Intelligence en essaim: des fourmis r\u00e9elles \u00e0 la r\u00e9solution de probl\u00e8mes combinatoires par les algorithmes de fourmis artificielles.&#8221;r\u00e9sum\u00e9 : Apr\u00e8s &hellip; <a href=\"http:\/\/gt-meta.fr\/index.php\/session-meta-ia\/\">Continue reading <span class=\"meta-nav\">&rarr;<\/span><\/a><\/p>\n","protected":false},"author":1,"featured_media":0,"parent":0,"menu_order":0,"comment_status":"closed","ping_status":"closed","template":"","meta":[],"_links":{"self":[{"href":"http:\/\/gt-meta.fr\/index.php\/wp-json\/wp\/v2\/pages\/100"}],"collection":[{"href":"http:\/\/gt-meta.fr\/index.php\/wp-json\/wp\/v2\/pages"}],"about":[{"href":"http:\/\/gt-meta.fr\/index.php\/wp-json\/wp\/v2\/types\/page"}],"author":[{"embeddable":true,"href":"http:\/\/gt-meta.fr\/index.php\/wp-json\/wp\/v2\/users\/1"}],"replies":[{"embeddable":true,"href":"http:\/\/gt-meta.fr\/index.php\/wp-json\/wp\/v2\/comments?post=100"}],"version-history":[{"count":3,"href":"http:\/\/gt-meta.fr\/index.php\/wp-json\/wp\/v2\/pages\/100\/revisions"}],"predecessor-version":[{"id":108,"href":"http:\/\/gt-meta.fr\/index.php\/wp-json\/wp\/v2\/pages\/100\/revisions\/108"}],"wp:attachment":[{"href":"http:\/\/gt-meta.fr\/index.php\/wp-json\/wp\/v2\/media?parent=100"}],"curies":[{"name":"wp","href":"https:\/\/api.w.org\/{rel}","templated":true}]}}