{"id":19,"date":"2020-03-04T12:41:40","date_gmt":"2020-03-04T11:41:40","guid":{"rendered":"http:\/\/gt-meta.fr\/?page_id=19"},"modified":"2025-02-24T10:29:44","modified_gmt":"2025-02-24T09:29:44","slug":"actualites","status":"publish","type":"page","link":"http:\/\/gt-meta.fr\/index.php\/actualites\/","title":{"rendered":"Actualit\u00e9s du GT META"},"content":{"rendered":"\n<p>GdT du GDR ROD et CT de la SAGIP, META participe \u00e0 l&#8217;animation scientifiques des congr\u00e8s de la ROADEF et de la SAGIP. Nous serons heureux de vous retrouver lors de ces \u00e9v\u00e9nements.<\/p>\n\n\n\n<p><strong>Congr\u00e8s de la ROADEF 2025 (26-28\/02\/2025 \u00e0 Marne-la-Vall\u00e9e)<\/strong><br>Le GT META coordonne et anime plusieurs sessions sur les m\u00e9taheuristiques<br><a href=\"https:\/\/roadef2025.org\/\">Site du congr\u00e8s.<\/a><\/p>\n\n\n\n<p><strong>3\u00e8me<\/strong> <strong>Congr\u00e8s de la SAGIP 2025 (21-23\/05\/2025 \u00e0 Mulhouse)<\/strong><br><a href=\"https:\/\/sagip2025.sciencesconf.org\/\">Site du congr\u00e8s<\/a><\/p>\n\n\n\n<p>Avec le GdT ORIGIN, nous avons particip\u00e9 au projet <strong>Pizz&#8217;\u00e0-vau-l&#8217;eau<\/strong>, un jeu d&#8217;initiation aux probl\u00e8mes d&#8217;optimisation combinatoire. La version beta est disponible sur ce site :<br><a href=\"https:\/\/gt-meta.fr\/index.php\/pizza-vau-leau\/\">https:\/\/gt-meta.fr\/index.php\/pizza-vau-leau\/<\/a><br>N&#8217;h\u00e9sitez pas \u00e0 la tester et \u00e0 nous laisser vos commentaires.<br><\/p>\n","protected":false},"excerpt":{"rendered":"<p>GdT du GDR ROD et CT de la SAGIP, META participe \u00e0 l&#8217;animation scientifiques des congr\u00e8s de la ROADEF et de la SAGIP. Nous serons heureux de vous retrouver lors de ces \u00e9v\u00e9nements. Congr\u00e8s de la ROADEF 2025 (26-28\/02\/2025 \u00e0 &hellip; <a href=\"http:\/\/gt-meta.fr\/index.php\/actualites\/\">Continue reading <span class=\"meta-nav\">&rarr;<\/span><\/a><\/p>\n","protected":false},"author":1,"featured_media":0,"parent":0,"menu_order":2,"comment_status":"closed","ping_status":"closed","template":"","meta":[],"_links":{"self":[{"href":"http:\/\/gt-meta.fr\/index.php\/wp-json\/wp\/v2\/pages\/19"}],"collection":[{"href":"http:\/\/gt-meta.fr\/index.php\/wp-json\/wp\/v2\/pages"}],"about":[{"href":"http:\/\/gt-meta.fr\/index.php\/wp-json\/wp\/v2\/types\/page"}],"author":[{"embeddable":true,"href":"http:\/\/gt-meta.fr\/index.php\/wp-json\/wp\/v2\/users\/1"}],"replies":[{"embeddable":true,"href":"http:\/\/gt-meta.fr\/index.php\/wp-json\/wp\/v2\/comments?post=19"}],"version-history":[{"count":18,"href":"http:\/\/gt-meta.fr\/index.php\/wp-json\/wp\/v2\/pages\/19\/revisions"}],"predecessor-version":[{"id":168,"href":"http:\/\/gt-meta.fr\/index.php\/wp-json\/wp\/v2\/pages\/19\/revisions\/168"}],"wp:attachment":[{"href":"http:\/\/gt-meta.fr\/index.php\/wp-json\/wp\/v2\/media?parent=19"}],"curies":[{"name":"wp","href":"https:\/\/api.w.org\/{rel}","templated":true}]}}