{"id":31,"date":"2020-03-04T13:04:21","date_gmt":"2020-03-04T12:04:21","guid":{"rendered":"http:\/\/gt-meta.fr\/?page_id=31"},"modified":"2021-10-06T09:58:16","modified_gmt":"2021-10-06T07:58:16","slug":"ouvrages","status":"publish","type":"page","link":"http:\/\/gt-meta.fr\/index.php\/evenements\/ouvrages\/","title":{"rendered":"Ouvrages"},"content":{"rendered":"\n<p>Vous trouverez sur cette page une s\u00e9rie de livres \u00e0 propos des m\u00e9taheuristiques<\/p>\n\n\n\n<ul><li>Book Series : <strong>Advances in Metaheuristics<\/strong> (<a href=\"https:\/\/www.routledge.com\/Advances-in-Metaheuristics\/book-series\/AIM?pd=published,forthcoming&amp;pg=1&amp;pp=12&amp;so=pub&amp;view=list?pd=published,forthcoming&amp;pg=1&amp;pp=12&amp;so=pub&amp;view=list\">informations sur la s\u00e9rie<\/a>)<ul><li><a href=\"https:\/\/www.routledge.com\/Constraint-Handling-in-Cohort-Intelligence-Algorithm\/Kale-Kulkarni\/p\/book\/9781032150758\">Constraint Handling in Cohort Intelligence Algorithm<\/a> (<em>Ishaan R. Kale, Anand J. Kulkarni<\/em>)<\/li><li><a href=\"https:\/\/www.routledge.com\/Metaheuristic-Algorithms-in-Industry-40\/Shah-Sekhar-Kulkarni-Siarry\/p\/book\/9780367698393\">Metaheuristic Algorithms in Industry 4.0<\/a> (<em>Pritesh Shah, Ravi Sekhar, Anand J. Kulkarni, Patrick Siarry<\/em>)<\/li><li><a href=\"https:\/\/www.routledge.com\/Handbook-of-AI-based-Metaheuristics\/Kulkarni-Siarry\/p\/book\/9780367753030\">Handbook of AI-based Metaheuristics<\/a> <em>(Anand J. Kulkarni, Patrick Siarry)<\/em><\/li><\/ul><\/li><li><a href=\"https:\/\/link.springer.com\/chapter\/10.1007\/978-981-15-7571-6_2\">Metaheuristics Paradigms for Renewable Energy Systems: Advances in Optimization Algorithms<\/a> (<em>Minai, A. F., Malik, H.<\/em>)<\/li><li><a href=\"https:\/\/link.springer.com\/chapter\/10.1007\/978-981-15-7571-6_10\">Recent Advances and Application of Metaheuristic Algorithms: A Survey (2014\u20132020)<\/a> (Khanduja, N., Bhushan, B.)<\/li><li><a href=\"https:\/\/books.google.com\/books?hl=fr&amp;lr=&amp;id=XOEmEAAAQBAJ&amp;oi=fnd&amp;pg=PR5&amp;dq=metaheuristics+book+2021&amp;ots=vzxD3lijn0&amp;sig=8a1bhnl2ed0UA70vN2bul6k4GDU\">Nature-Inspired\u00a0Metaheuristic\u00a0Algorithms for Engineering Optimization Applications<\/a> (Carbas, S., Toktas, A., &amp; Ustun, D.)<\/li><\/ul>\n\n\n\n<p><\/p>\n","protected":false},"excerpt":{"rendered":"<p>Vous trouverez sur cette page une s\u00e9rie de livres \u00e0 propos des m\u00e9taheuristiques Book Series : Advances in Metaheuristics (informations sur la s\u00e9rie) Constraint Handling in Cohort Intelligence Algorithm (Ishaan R. Kale, Anand J. Kulkarni) Metaheuristic Algorithms in Industry 4.0 &hellip; <a href=\"http:\/\/gt-meta.fr\/index.php\/evenements\/ouvrages\/\">Continue reading <span class=\"meta-nav\">&rarr;<\/span><\/a><\/p>\n","protected":false},"author":1,"featured_media":0,"parent":22,"menu_order":1,"comment_status":"closed","ping_status":"closed","template":"","meta":[],"_links":{"self":[{"href":"http:\/\/gt-meta.fr\/index.php\/wp-json\/wp\/v2\/pages\/31"}],"collection":[{"href":"http:\/\/gt-meta.fr\/index.php\/wp-json\/wp\/v2\/pages"}],"about":[{"href":"http:\/\/gt-meta.fr\/index.php\/wp-json\/wp\/v2\/types\/page"}],"author":[{"embeddable":true,"href":"http:\/\/gt-meta.fr\/index.php\/wp-json\/wp\/v2\/users\/1"}],"replies":[{"embeddable":true,"href":"http:\/\/gt-meta.fr\/index.php\/wp-json\/wp\/v2\/comments?post=31"}],"version-history":[{"count":4,"href":"http:\/\/gt-meta.fr\/index.php\/wp-json\/wp\/v2\/pages\/31\/revisions"}],"predecessor-version":[{"id":88,"href":"http:\/\/gt-meta.fr\/index.php\/wp-json\/wp\/v2\/pages\/31\/revisions\/88"}],"up":[{"embeddable":true,"href":"http:\/\/gt-meta.fr\/index.php\/wp-json\/wp\/v2\/pages\/22"}],"wp:attachment":[{"href":"http:\/\/gt-meta.fr\/index.php\/wp-json\/wp\/v2\/media?parent=31"}],"curies":[{"name":"wp","href":"https:\/\/api.w.org\/{rel}","templated":true}]}}