{"id":29,"date":"2020-03-04T13:03:23","date_gmt":"2020-03-04T12:03:23","guid":{"rendered":"http:\/\/gt-meta.fr\/?page_id=29"},"modified":"2025-02-24T10:11:04","modified_gmt":"2025-02-24T09:11:04","slug":"conferences","status":"publish","type":"page","link":"https:\/\/gt-meta.fr\/index.php\/evenements\/conferences\/","title":{"rendered":"Conf\u00e9rences"},"content":{"rendered":"\n<p><strong>Congr\u00e8s de la ROADEF 2025 (26-28\/02\/2025 \u00e0 Marne-la-Vall\u00e9e)<\/strong><br>26\u00e8me congr\u00e8s de la Soci\u00e9t\u00e9 Fran\u00e7aise de Recherche Op\u00e9rationnelle et d\u2019Aide \u00e0 la D\u00e9cision<br><a href=\"https:\/\/roadef2025.org\/\">Site du congr\u00e8s.<\/a><\/p>\n\n\n\n<p><strong>OLA\u20192025<\/strong><br>International Conference on Optimization and Learning (SCOPUS, Springer)<br>Dubai, April 23-25, 2025<br><a href=\"https:\/\/ola2025.sciencesconf.org\/\">https:\/\/ola2025.sciencesconf.org<\/a><\/p>\n\n\n\n<p><strong>ECCO&#8217;2025 (8-10\/05\/2025 \u00e0 Marrakech &#8211; Maroc)<\/strong><br>38th Conference of the European Chapter on Combinatorial Optimization<br><a href=\"https:\/\/ecco2025.sciencesconf.org\/\">Site du congr\u00e8s.<\/a><\/p>\n\n\n\n<p><strong>3\u00e8me<\/strong> <strong>Congr\u00e8s de la SAGIP 2025 (21-23\/05\/2025 \u00e0 Mulhouse)<\/strong><br>3\u00e8me Congr\u00e8s Annuel de la Soci\u00e9t\u00e9 d\u2019Automatique, de G\u00e9nie Industriel &amp; de Productique<br><a href=\"https:\/\/sagip2025.sciencesconf.org\/\">Site du congr\u00e8s<\/a><\/p>\n\n\n\n<p><strong>CIGI-QUALITA-MOSIM 2025 (8-10\/07\/2025 \u00e0 Troyes)<\/strong><br><a href=\"https:\/\/cigi-qualita-mosim25.utt.fr\/\">Site de la conf\u00e9rence<\/a><\/p>\n\n\n\n<p><strong>GECCO 2025 (14-18\/07\/2025 \u00e0 Malaga &#8211; Espagne)<\/strong><br>The Genetic and Evolutionary Computation Conference<br><a href=\"https:\/\/gecco-2025.sigevo.org\/HomePage\">Site de la conf\u00e9rence<\/a><\/p>\n\n\n\n<p><strong>CoDit 2025 (15-18\/07\/2025 \u00e0 Split &#8211; Croatie)<\/strong><br>11th International Conference on\u00a0<strong>Co<\/strong>ntrol,\u00a0<strong>D<\/strong>ecision and\u00a0<strong>I<\/strong>nformation\u00a0<strong>T<\/strong>echnologies<br><a href=\"https:\/\/codit2025.org\/\">Site de la conf\u00e9rence<\/a><\/p>\n\n\n\n<p><\/p>\n","protected":false},"excerpt":{"rendered":"<p>Congr\u00e8s de la ROADEF 2025 (26-28\/02\/2025 \u00e0 Marne-la-Vall\u00e9e)26\u00e8me congr\u00e8s de la Soci\u00e9t\u00e9 Fran\u00e7aise de Recherche Op\u00e9rationnelle et d\u2019Aide \u00e0 la D\u00e9cisionSite du congr\u00e8s. OLA\u20192025International Conference on Optimization and Learning (SCOPUS, Springer)Dubai, April 23-25, 2025https:\/\/ola2025.sciencesconf.org ECCO&#8217;2025 (8-10\/05\/2025 \u00e0 Marrakech &#8211; Maroc)38th &hellip; <a href=\"https:\/\/gt-meta.fr\/index.php\/evenements\/conferences\/\">Continue reading <span class=\"meta-nav\">&rarr;<\/span><\/a><\/p>\n","protected":false},"author":1,"featured_media":0,"parent":22,"menu_order":3,"comment_status":"closed","ping_status":"closed","template":"","meta":[],"_links":{"self":[{"href":"https:\/\/gt-meta.fr\/index.php\/wp-json\/wp\/v2\/pages\/29"}],"collection":[{"href":"https:\/\/gt-meta.fr\/index.php\/wp-json\/wp\/v2\/pages"}],"about":[{"href":"https:\/\/gt-meta.fr\/index.php\/wp-json\/wp\/v2\/types\/page"}],"author":[{"embeddable":true,"href":"https:\/\/gt-meta.fr\/index.php\/wp-json\/wp\/v2\/users\/1"}],"replies":[{"embeddable":true,"href":"https:\/\/gt-meta.fr\/index.php\/wp-json\/wp\/v2\/comments?post=29"}],"version-history":[{"count":6,"href":"https:\/\/gt-meta.fr\/index.php\/wp-json\/wp\/v2\/pages\/29\/revisions"}],"predecessor-version":[{"id":162,"href":"https:\/\/gt-meta.fr\/index.php\/wp-json\/wp\/v2\/pages\/29\/revisions\/162"}],"up":[{"embeddable":true,"href":"https:\/\/gt-meta.fr\/index.php\/wp-json\/wp\/v2\/pages\/22"}],"wp:attachment":[{"href":"https:\/\/gt-meta.fr\/index.php\/wp-json\/wp\/v2\/media?parent=29"}],"curies":[{"name":"wp","href":"https:\/\/api.w.org\/{rel}","templated":true}]}}